{"id":1516,"date":"2025-02-07T13:49:48","date_gmt":"2025-02-07T13:49:48","guid":{"rendered":"https:\/\/www.gruponkca.com\/?page_id=1516"},"modified":"2025-03-05T12:59:49","modified_gmt":"2025-03-05T12:59:49","slug":"productos-a-granel","status":"publish","type":"page","link":"https:\/\/www.gruponkca.com.ve\/?page_id=1516","title":{"rendered":"Productos a Granel"},"content":{"rendered":"<style>.kadence-column1516_a446cc-da > .kt-inside-inner-col{display:flex;}.kadence-column1516_a446cc-da > .kt-inside-inner-col,.kadence-column1516_a446cc-da > .kt-inside-inner-col:before{border-top-left-radius:0px;border-top-right-radius:0px;border-bottom-right-radius:0px;border-bottom-left-radius:0px;}.kadence-column1516_a446cc-da > .kt-inside-inner-col{row-gap:var(--global-kb-gap-none, 0rem );column-gap:var(--global-kb-gap-sm, 1rem);}.kadence-column1516_a446cc-da > .kt-inside-inner-col{flex-direction:column;justify-content:center;align-items:center;}.kadence-column1516_a446cc-da > .kt-inside-inner-col > .kb-image-is-ratio-size{align-self:stretch;}.kadence-column1516_a446cc-da > .kt-inside-inner-col > .wp-block-kadence-advancedgallery{align-self:stretch;}.kadence-column1516_a446cc-da > .kt-inside-inner-col > .aligncenter{width:100%;}.kt-row-column-wrap > .kadence-column1516_a446cc-da{align-self:center;}.kt-inner-column-height-full:not(.kt-has-1-columns) > .wp-block-kadence-column.kadence-column1516_a446cc-da{align-self:auto;}.kt-inner-column-height-full:not(.kt-has-1-columns) > .wp-block-kadence-column.kadence-column1516_a446cc-da > .kt-inside-inner-col{flex-direction:column;justify-content:center;}.kadence-column1516_a446cc-da > .kt-inside-inner-col:before{opacity:0.3;}.kadence-column1516_a446cc-da{position:relative;}@media all and (max-width: 1024px){.kt-row-column-wrap > .kadence-column1516_a446cc-da{align-self:center;}}@media all and (max-width: 1024px){.kt-inner-column-height-full:not(.kt-has-1-columns) > .wp-block-kadence-column.kadence-column1516_a446cc-da{align-self:auto;}}@media all and (max-width: 1024px){.kt-inner-column-height-full:not(.kt-has-1-columns) > .wp-block-kadence-column.kadence-column1516_a446cc-da > .kt-inside-inner-col{flex-direction:column;justify-content:center;}}@media all and (max-width: 1024px){.kadence-column1516_a446cc-da > .kt-inside-inner-col{flex-direction:column;justify-content:center;align-items:center;}}@media all and (max-width: 767px){.kt-row-column-wrap > .kadence-column1516_a446cc-da{align-self:center;}.kt-inner-column-height-full:not(.kt-has-1-columns) > .wp-block-kadence-column.kadence-column1516_a446cc-da{align-self:auto;}.kt-inner-column-height-full:not(.kt-has-1-columns) > .wp-block-kadence-column.kadence-column1516_a446cc-da > .kt-inside-inner-col{flex-direction:column;justify-content:center;}.kadence-column1516_a446cc-da > .kt-inside-inner-col{flex-direction:column;justify-content:center;align-items:center;}}<\/style>\n<div class=\"wp-block-kadence-column kadence-column1516_a446cc-da\"><div class=\"kt-inside-inner-col\"><style>.kb-row-layout-id1516_9f57c1-6b > .kt-row-column-wrap{align-content:start;}:where(.kb-row-layout-id1516_9f57c1-6b > .kt-row-column-wrap) > .wp-block-kadence-column{justify-content:start;}.kb-row-layout-id1516_9f57c1-6b > .kt-row-column-wrap{column-gap:var(--global-kb-gap-md, 2rem);row-gap:var(--global-kb-gap-md, 2rem);max-width:2000px;margin-left:auto;margin-right:auto;padding-top:0px;padding-right:0px;padding-bottom:0px;padding-left:0px;grid-template-columns:minmax(0, 1fr);}.kb-row-layout-id1516_9f57c1-6b > .kt-row-layout-overlay{opacity:1;background-image:url('https:\/\/www.gruponkca.com.ve\/wp-content\/uploads\/2025\/02\/Granel.jpeg');background-size:auto;background-position:50% 35%;background-attachment:scroll;background-repeat:no-repeat;mix-blend-mode:normal;}@media all and (max-width: 1024px){.kb-row-layout-id1516_9f57c1-6b > .kt-row-column-wrap{grid-template-columns:minmax(0, 1fr);}}@media all and (max-width: 767px){.kb-row-layout-id1516_9f57c1-6b > .kt-row-column-wrap{grid-template-columns:minmax(0, 1fr);}}<\/style><div class=\"kb-row-layout-wrap kb-row-layout-id1516_9f57c1-6b alignnone kt-row-has-bg wp-block-kadence-rowlayout\"><div class=\"kt-row-layout-overlay kt-row-overlay-normal\"><\/div><div class=\"kt-row-column-wrap kt-has-1-columns kt-row-layout-equal kt-tab-layout-inherit kt-mobile-layout-row kt-row-valign-top\">\n<style>.kadence-column1516_46b385-e2 > .kt-inside-inner-col{display:flex;}.kadence-column1516_46b385-e2 > .kt-inside-inner-col,.kadence-column1516_46b385-e2 > .kt-inside-inner-col:before{border-top-left-radius:0px;border-top-right-radius:0px;border-bottom-right-radius:0px;border-bottom-left-radius:0px;}.kadence-column1516_46b385-e2 > .kt-inside-inner-col{row-gap:var(--global-kb-gap-none, 0rem );column-gap:var(--global-kb-gap-sm, 1rem);}.kadence-column1516_46b385-e2 > .kt-inside-inner-col{flex-direction:column;justify-content:center;align-items:center;}.kadence-column1516_46b385-e2 > .kt-inside-inner-col > .kb-image-is-ratio-size{align-self:stretch;}.kadence-column1516_46b385-e2 > .kt-inside-inner-col > .wp-block-kadence-advancedgallery{align-self:stretch;}.kadence-column1516_46b385-e2 > .kt-inside-inner-col > .aligncenter{width:100%;}.kt-row-column-wrap > .kadence-column1516_46b385-e2{align-self:center;}.kt-inner-column-height-full:not(.kt-has-1-columns) > .wp-block-kadence-column.kadence-column1516_46b385-e2{align-self:auto;}.kt-inner-column-height-full:not(.kt-has-1-columns) > .wp-block-kadence-column.kadence-column1516_46b385-e2 > .kt-inside-inner-col{flex-direction:column;justify-content:center;}.kadence-column1516_46b385-e2 > .kt-inside-inner-col:before{opacity:0.3;}.kadence-column1516_46b385-e2{position:relative;}@media all and (max-width: 1024px){.kt-row-column-wrap > .kadence-column1516_46b385-e2{align-self:center;}}@media all and (max-width: 1024px){.kt-inner-column-height-full:not(.kt-has-1-columns) > .wp-block-kadence-column.kadence-column1516_46b385-e2{align-self:auto;}}@media all and (max-width: 1024px){.kt-inner-column-height-full:not(.kt-has-1-columns) > .wp-block-kadence-column.kadence-column1516_46b385-e2 > .kt-inside-inner-col{flex-direction:column;justify-content:center;}}@media all and (max-width: 1024px){.kadence-column1516_46b385-e2 > .kt-inside-inner-col{flex-direction:column;justify-content:center;align-items:center;}}@media all and (max-width: 767px){.kt-row-column-wrap > .kadence-column1516_46b385-e2{align-self:center;}.kt-inner-column-height-full:not(.kt-has-1-columns) > .wp-block-kadence-column.kadence-column1516_46b385-e2{align-self:auto;}.kt-inner-column-height-full:not(.kt-has-1-columns) > .wp-block-kadence-column.kadence-column1516_46b385-e2 > .kt-inside-inner-col{flex-direction:column;justify-content:center;}.kadence-column1516_46b385-e2 > .kt-inside-inner-col{flex-direction:column;justify-content:center;align-items:center;}}<\/style>\n<div class=\"wp-block-kadence-column kadence-column1516_46b385-e2\"><div class=\"kt-inside-inner-col\"><style>.kb-row-layout-id1516_47d79f-5f > .kt-row-column-wrap{align-content:start;}:where(.kb-row-layout-id1516_47d79f-5f > .kt-row-column-wrap) > .wp-block-kadence-column{justify-content:start;}.kb-row-layout-id1516_47d79f-5f > .kt-row-column-wrap{column-gap:var(--global-kb-gap-md, 2rem);row-gap:var(--global-kb-gap-md, 2rem);padding-top:var(--global-kb-spacing-sm, 1.5rem);padding-bottom:var(--global-kb-spacing-5xl, 10rem);grid-template-columns:minmax(0, 1fr);}.kb-row-layout-id1516_47d79f-5f > .kt-row-layout-overlay{opacity:0.30;}@media all and (max-width: 1024px){.kb-row-layout-id1516_47d79f-5f > .kt-row-column-wrap{grid-template-columns:minmax(0, 1fr);}}@media all and (max-width: 767px){.kb-row-layout-id1516_47d79f-5f > .kt-row-column-wrap{grid-template-columns:minmax(0, 1fr);}}<\/style><div class=\"kb-row-layout-wrap kb-row-layout-id1516_47d79f-5f alignnone wp-block-kadence-rowlayout\"><div class=\"kt-row-column-wrap kt-has-1-columns kt-row-layout-equal kt-tab-layout-inherit kt-mobile-layout-row kt-row-valign-top\">\n<style>.kadence-column1516_c49d28-a1 > .kt-inside-inner-col,.kadence-column1516_c49d28-a1 > .kt-inside-inner-col:before{border-top-left-radius:0px;border-top-right-radius:0px;border-bottom-right-radius:0px;border-bottom-left-radius:0px;}.kadence-column1516_c49d28-a1 > .kt-inside-inner-col{column-gap:var(--global-kb-gap-sm, 1rem);}.kadence-column1516_c49d28-a1 > .kt-inside-inner-col{flex-direction:column;}.kadence-column1516_c49d28-a1 > .kt-inside-inner-col > .aligncenter{width:100%;}.kadence-column1516_c49d28-a1 > .kt-inside-inner-col:before{opacity:0.3;}.kadence-column1516_c49d28-a1{position:relative;}@media all and (max-width: 1024px){.kadence-column1516_c49d28-a1 > .kt-inside-inner-col{flex-direction:column;justify-content:center;}}@media all and (max-width: 767px){.kadence-column1516_c49d28-a1 > .kt-inside-inner-col{flex-direction:column;justify-content:center;}}<\/style>\n<div class=\"wp-block-kadence-column kadence-column1516_c49d28-a1\"><div class=\"kt-inside-inner-col\">\n<h2 class=\"wp-block-heading has-text-align-center has-white-color has-text-color has-link-color wp-elements-c443f35425880805f371dc0f96178c75\" style=\"border-style:none;border-width:0px;border-radius:0px\">Productos de Limpieza Granel e Industrial<\/h2>\n<\/div><\/div>\n\n<\/div><\/div>\n\n<style>.kb-row-layout-id1516_5dd300-d2 > .kt-row-column-wrap{align-content:start;}:where(.kb-row-layout-id1516_5dd300-d2 > .kt-row-column-wrap) > .wp-block-kadence-column{justify-content:start;}.kb-row-layout-id1516_5dd300-d2 > .kt-row-column-wrap{column-gap:var(--global-kb-gap-md, 2rem);row-gap:var(--global-kb-gap-none, 0rem );padding-top:var(--global-kb-spacing-lg, 3rem);grid-template-columns:minmax(0, 1fr);}.kb-row-layout-id1516_5dd300-d2 > .kt-row-layout-overlay{opacity:0.30;}@media all and (max-width: 1024px){.kb-row-layout-id1516_5dd300-d2 > .kt-row-column-wrap{grid-template-columns:minmax(0, 1fr);}}@media all and (max-width: 767px){.kb-row-layout-id1516_5dd300-d2 > .kt-row-column-wrap{grid-template-columns:minmax(0, 1fr);}}<\/style><div class=\"kb-row-layout-wrap kb-row-layout-id1516_5dd300-d2 alignnone wp-block-kadence-rowlayout\"><div class=\"kt-row-column-wrap kt-has-1-columns kt-row-layout-equal kt-tab-layout-inherit kt-mobile-layout-row kt-row-valign-top\">\n<style>.kadence-column1516_caafd4-cb > .kt-inside-inner-col,.kadence-column1516_caafd4-cb > .kt-inside-inner-col:before{border-top-left-radius:0px;border-top-right-radius:0px;border-bottom-right-radius:0px;border-bottom-left-radius:0px;}.kadence-column1516_caafd4-cb > .kt-inside-inner-col{column-gap:var(--global-kb-gap-sm, 1rem);}.kadence-column1516_caafd4-cb > .kt-inside-inner-col{flex-direction:column;}.kadence-column1516_caafd4-cb > .kt-inside-inner-col > .aligncenter{width:100%;}.kadence-column1516_caafd4-cb > .kt-inside-inner-col:before{opacity:0.3;}.kadence-column1516_caafd4-cb{position:relative;}@media all and (max-width: 1024px){.kadence-column1516_caafd4-cb > .kt-inside-inner-col{flex-direction:column;justify-content:center;}}@media all and (max-width: 767px){.kadence-column1516_caafd4-cb > .kt-inside-inner-col{flex-direction:column;justify-content:center;}}<\/style>\n<div class=\"wp-block-kadence-column kadence-column1516_caafd4-cb\"><div class=\"kt-inside-inner-col\">\n<p class=\"justificar has-ast-global-color-4-color has-ast-global-color-0-background-color has-text-color has-background has-link-color has-medium-font-size wp-elements-ad453db389497594dde8091f7997c36f\" style=\"border-radius:45px\"><em><em>Esta l\u00ednea fue creada para dar respuesta a clientes con requerimientos especiales, est\u00e1 dirigida al dise\u00f1o de productos industriales de alta concentraciones y caracter\u00edsticas especificas, atendemos empresas del \u00e1rea industrial, hotelera, hospitalaria, escolar y general, que busca atender necesidades de higiene puntuales. La l\u00ednea de distribuci\u00f3n a granel se enfoca en dar una oportunidad a peque\u00f1os y medianos inversionistas que buscan generar ingresos a trav\u00e9s de la comercializaci\u00f3n de un producto de consumo masivo, por eso esta l\u00ednea es distribuida por nuestros franquiciados y club de mayoristas<\/em>.<\/em><\/p>\n<\/div><\/div>\n\n<\/div><\/div><\/div><\/div>\n\n<\/div><\/div>\n\n<style>.kb-row-layout-id1516_4f2b1f-f3 > .kt-row-column-wrap{align-content:start;}:where(.kb-row-layout-id1516_4f2b1f-f3 > .kt-row-column-wrap) > .wp-block-kadence-column{justify-content:start;}.kb-row-layout-id1516_4f2b1f-f3 > .kt-row-column-wrap{column-gap:var(--global-kb-gap-md, 2rem);row-gap:var(--global-kb-gap-md, 2rem);padding-bottom:var(--global-kb-spacing-sm, 1.5rem);grid-template-columns:minmax(0, 1fr);}.kb-row-layout-id1516_4f2b1f-f3 > .kt-row-layout-overlay{opacity:0.30;}@media all and (max-width: 1024px){.kb-row-layout-id1516_4f2b1f-f3 > .kt-row-column-wrap{grid-template-columns:minmax(0, 1fr);}}@media all and (max-width: 767px){.kb-row-layout-id1516_4f2b1f-f3 > .kt-row-column-wrap{grid-template-columns:minmax(0, 1fr);}}<\/style><div class=\"kb-row-layout-wrap kb-row-layout-id1516_4f2b1f-f3 alignnone has-ast-global-color-0-background-color kt-row-has-bg wp-block-kadence-rowlayout\"><div class=\"kt-row-column-wrap kt-has-1-columns kt-row-layout-equal kt-tab-layout-inherit kt-mobile-layout-row kt-row-valign-top\">\n<style>.kadence-column1516_118c47-63 > .kt-inside-inner-col{display:flex;}.kadence-column1516_118c47-63 > .kt-inside-inner-col,.kadence-column1516_118c47-63 > .kt-inside-inner-col:before{border-top-left-radius:0px;border-top-right-radius:0px;border-bottom-right-radius:0px;border-bottom-left-radius:0px;}.kadence-column1516_118c47-63 > .kt-inside-inner-col{row-gap:var(--global-kb-gap-none, 0rem );column-gap:var(--global-kb-gap-sm, 1rem);}.kadence-column1516_118c47-63 > .kt-inside-inner-col{flex-direction:column;justify-content:center;align-items:center;}.kadence-column1516_118c47-63 > .kt-inside-inner-col > .kb-image-is-ratio-size{align-self:stretch;}.kadence-column1516_118c47-63 > .kt-inside-inner-col > .wp-block-kadence-advancedgallery{align-self:stretch;}.kadence-column1516_118c47-63 > .kt-inside-inner-col > .aligncenter{width:100%;}.kt-row-column-wrap > .kadence-column1516_118c47-63{align-self:center;}.kt-inner-column-height-full:not(.kt-has-1-columns) > .wp-block-kadence-column.kadence-column1516_118c47-63{align-self:auto;}.kt-inner-column-height-full:not(.kt-has-1-columns) > .wp-block-kadence-column.kadence-column1516_118c47-63 > .kt-inside-inner-col{flex-direction:column;justify-content:center;}.kadence-column1516_118c47-63 > .kt-inside-inner-col:before{opacity:0.3;}.kadence-column1516_118c47-63{position:relative;}@media all and (max-width: 1024px){.kt-row-column-wrap > .kadence-column1516_118c47-63{align-self:center;}}@media all and (max-width: 1024px){.kt-inner-column-height-full:not(.kt-has-1-columns) > .wp-block-kadence-column.kadence-column1516_118c47-63{align-self:auto;}}@media all and (max-width: 1024px){.kt-inner-column-height-full:not(.kt-has-1-columns) > .wp-block-kadence-column.kadence-column1516_118c47-63 > .kt-inside-inner-col{flex-direction:column;justify-content:center;}}@media all and (max-width: 1024px){.kadence-column1516_118c47-63 > .kt-inside-inner-col{flex-direction:column;justify-content:center;align-items:center;}}@media all and (max-width: 767px){.kt-row-column-wrap > .kadence-column1516_118c47-63{align-self:center;}.kt-inner-column-height-full:not(.kt-has-1-columns) > .wp-block-kadence-column.kadence-column1516_118c47-63{align-self:auto;}.kt-inner-column-height-full:not(.kt-has-1-columns) > .wp-block-kadence-column.kadence-column1516_118c47-63 > .kt-inside-inner-col{flex-direction:column;justify-content:center;}.kadence-column1516_118c47-63 > .kt-inside-inner-col{flex-direction:column;justify-content:center;align-items:center;}}<\/style>\n<div class=\"wp-block-kadence-column kadence-column1516_118c47-63\"><div class=\"kt-inside-inner-col\"><style>.kb-gallery-id-1516_689d76-c8.kb-gallery-ul.kb-gallery-type-fluidcarousel .kt-blocks-carousel figure .kb-gal-image-radius, .kb-gallery-id-1516_689d76-c8.kb-gallery-ul.kb-gallery-type-fluidcarousel .kt-blocks-carousel figure .kb-gal-image-radius img{height:300px;}.kb-gallery-id-1516_689d76-c8 .kadence-blocks-gallery-item .kb-gal-image-radius, .kb-gallery-id-1516_689d76-c8 .kb-slide-item .kb-gal-image-radius img{border-radius:0px 0px 0px 0px;;}.kb-gallery-wrap-id-1516_689d76-c8.wp-block-kadence-advancedgallery{overflow:visible;}.kb-gallery-wrap-id-1516_689d76-c8.wp-block-kadence-advancedgallery .kt-blocks-carousel{overflow:visible;max-width:100%;}<\/style><div class=\"kb-gallery-wrap-id-1516_689d76-c8 alignnone wp-block-kadence-advancedgallery\"><div class=\"kb-gallery-ul kb-gallery-non-static kb-gallery-type-fluidcarousel kb-gallery-id-1516_689d76-c8 kb-gallery-caption-style-bottom-hover kb-gallery-filter-none\" data-image-filter=\"none\" data-lightbox-caption=\"true\"><div class=\"kt-blocks-carousel splide kt-carousel-container-dotstyle-dark kt-carousel-arrowstyle-whiteondark kt-carousel-dotstyle-dark kb-slider-group-arrow kb-slider-arrow-position-center\" data-slider-anim-speed=\"400\" data-slider-scroll=\"1\" data-slider-arrows=\"true\" data-slider-dots=\"true\" data-slider-hover-pause=\"false\" data-slider-auto=\"\" data-slider-speed=\"7000\" data-slider-type=\"fluidcarousel\" data-slider-center-mode=\"true\" data-slider-gap=\"10px\" data-slider-gap-tablet=\"10px\" data-slider-gap-mobile=\"10px\" data-show-pause-button=\"false\"><div class=\"splide__track\"><ul class=\"kt-blocks-carousel-init kb-blocks-fluid-carousel splide__list\"><li class=\"kb-slide-item kb-gallery-carousel-item splide__slide\"><div class=\"kadence-blocks-gallery-item\"><div class=\"kadence-blocks-gallery-item-inner\"><figure class=\"kb-gallery-figure kadence-blocks-gallery-item-hide-caption\"><div class=\"kb-gal-image-radius\"><div class=\"kb-gallery-image-contain\" ><img loading=\"lazy\" decoding=\"async\" src=\"https:\/\/www.gruponkca.com\/wp-content\/uploads\/2024\/12\/IMG-20240215-WA0033-1-1024x1024.jpg\" width=\"1024\" height=\"1024\" alt=\"\" data-full-image=\"https:\/\/www.gruponkca.com\/wp-content\/uploads\/2024\/12\/IMG-20240215-WA0033-1.jpg\" data-light-image=\"https:\/\/www.gruponkca.com\/wp-content\/uploads\/2024\/12\/IMG-20240215-WA0033-1.jpg\" data-id=\"782\" class=\"wp-image-782 skip-lazy\" srcset=\"https:\/\/www.gruponkca.com.ve\/wp-content\/uploads\/2024\/12\/IMG-20240215-WA0033-1-1024x1024.jpg 1024w, https:\/\/www.gruponkca.com.ve\/wp-content\/uploads\/2024\/12\/IMG-20240215-WA0033-1-300x300.jpg 300w, https:\/\/www.gruponkca.com.ve\/wp-content\/uploads\/2024\/12\/IMG-20240215-WA0033-1-150x150.jpg 150w, https:\/\/www.gruponkca.com.ve\/wp-content\/uploads\/2024\/12\/IMG-20240215-WA0033-1-768x768.jpg 768w, https:\/\/www.gruponkca.com.ve\/wp-content\/uploads\/2024\/12\/IMG-20240215-WA0033-1.jpg 1080w\" sizes=\"auto, (max-width: 1024px) 100vw, 1024px\" \/><\/div><\/div><\/figure><\/div><\/div><\/li><li class=\"kb-slide-item kb-gallery-carousel-item splide__slide\"><div class=\"kadence-blocks-gallery-item\"><div class=\"kadence-blocks-gallery-item-inner\"><figure class=\"kb-gallery-figure kadence-blocks-gallery-item-hide-caption\"><div class=\"kb-gal-image-radius\"><div class=\"kb-gallery-image-contain\" ><img loading=\"lazy\" decoding=\"async\" src=\"https:\/\/www.gruponkca.com\/wp-content\/uploads\/2024\/12\/IMG-20240215-WA0035-1-1024x1024.jpg\" width=\"1024\" height=\"1024\" alt=\"\" data-full-image=\"https:\/\/www.gruponkca.com\/wp-content\/uploads\/2024\/12\/IMG-20240215-WA0035-1.jpg\" data-light-image=\"https:\/\/www.gruponkca.com\/wp-content\/uploads\/2024\/12\/IMG-20240215-WA0035-1.jpg\" data-id=\"784\" class=\"wp-image-784 skip-lazy\" srcset=\"https:\/\/www.gruponkca.com.ve\/wp-content\/uploads\/2024\/12\/IMG-20240215-WA0035-1-1024x1024.jpg 1024w, https:\/\/www.gruponkca.com.ve\/wp-content\/uploads\/2024\/12\/IMG-20240215-WA0035-1-300x300.jpg 300w, https:\/\/www.gruponkca.com.ve\/wp-content\/uploads\/2024\/12\/IMG-20240215-WA0035-1-150x150.jpg 150w, https:\/\/www.gruponkca.com.ve\/wp-content\/uploads\/2024\/12\/IMG-20240215-WA0035-1-768x768.jpg 768w, https:\/\/www.gruponkca.com.ve\/wp-content\/uploads\/2024\/12\/IMG-20240215-WA0035-1.jpg 1080w\" sizes=\"auto, (max-width: 1024px) 100vw, 1024px\" \/><\/div><\/div><\/figure><\/div><\/div><\/li><\/ul><\/div><\/div><\/div><\/div><\/div><\/div>\n\n<\/div><\/div><\/div><\/div>\n\n\n<style>.kadence-column1516_dddec6-ec > .kt-inside-inner-col,.kadence-column1516_dddec6-ec > .kt-inside-inner-col:before{border-top-left-radius:0px;border-top-right-radius:0px;border-bottom-right-radius:0px;border-bottom-left-radius:0px;}.kadence-column1516_dddec6-ec > .kt-inside-inner-col{column-gap:var(--global-kb-gap-sm, 1rem);}.kadence-column1516_dddec6-ec > .kt-inside-inner-col{flex-direction:column;}.kadence-column1516_dddec6-ec > .kt-inside-inner-col > .aligncenter{width:100%;}.kadence-column1516_dddec6-ec > .kt-inside-inner-col{background-color:var(--ast-global-color-0);}.kadence-column1516_dddec6-ec > .kt-inside-inner-col:before{opacity:0.3;}.kadence-column1516_dddec6-ec{position:relative;}@media all and (max-width: 1024px){.kadence-column1516_dddec6-ec > .kt-inside-inner-col{flex-direction:column;justify-content:center;}}@media all and (max-width: 767px){.kadence-column1516_dddec6-ec > .kt-inside-inner-col{flex-direction:column;justify-content:center;}}<\/style>\n<div class=\"wp-block-kadence-column kadence-column1516_dddec6-ec\"><div class=\"kt-inside-inner-col\"><style>.wp-block-kadence-advancedbtn.kb-btns1516_607e21-54{gap:var(--global-kb-gap-xs, 0.5rem );justify-content:center;align-items:center;}.kt-btns1516_607e21-54 .kt-button{font-weight:normal;font-style:normal;}.kt-btns1516_607e21-54 .kt-btn-wrap-0{margin-right:5px;}.wp-block-kadence-advancedbtn.kt-btns1516_607e21-54 .kt-btn-wrap-0 .kt-button{color:#555555;border-color:#555555;}.wp-block-kadence-advancedbtn.kt-btns1516_607e21-54 .kt-btn-wrap-0 .kt-button:hover, .wp-block-kadence-advancedbtn.kt-btns1516_607e21-54 .kt-btn-wrap-0 .kt-button:focus{color:#ffffff;border-color:#444444;}.wp-block-kadence-advancedbtn.kt-btns1516_607e21-54 .kt-btn-wrap-0 .kt-button::before{display:none;}.wp-block-kadence-advancedbtn.kt-btns1516_607e21-54 .kt-btn-wrap-0 .kt-button:hover, .wp-block-kadence-advancedbtn.kt-btns1516_607e21-54 .kt-btn-wrap-0 .kt-button:focus{background:#444444;}<\/style>\n<div class=\"wp-block-kadence-advancedbtn kb-buttons-wrap kb-btns1516_607e21-54\"><style>ul.menu .wp-block-kadence-advancedbtn .kb-btn1516_4194f4-f3.kb-button{width:initial;}.wp-block-kadence-advancedbtn .kb-btn1516_4194f4-f3.kb-button{color:var(--ast-global-color-8);background:#c72424;border-top-left-radius:412px;border-top-right-radius:412px;border-bottom-right-radius:412px;border-bottom-left-radius:412px;box-shadow:1px 1px 2px 0px rgba(0, 0, 0, 0.2);}<\/style><a class=\"kb-button kt-button button kb-btn1516_4194f4-f3 kt-btn-size-standard kt-btn-width-type-auto kb-btn-global-outline  kt-btn-has-text-true kt-btn-has-svg-false  wp-block-kadence-singlebtn\" href=\"https:\/\/www.gruponkca.com.ve\/wp-content\/uploads\/2024\/12\/Catalogo.pdf\" target=\"_blank\" rel=\"noreferrer noopener\"><span class=\"kt-btn-inner-text\">Descargar Cat\u00e1logo PDF<\/span><\/a><\/div>\n<\/div><\/div>\n","protected":false},"excerpt":{"rendered":"<p>Productos de Limpieza Granel e Industrial Esta l\u00ednea fue creada para dar respuesta a clientes con requerimientos especiales, est\u00e1 dirigida [&hellip;]<\/p>\n","protected":false},"author":1,"featured_media":0,"parent":0,"menu_order":0,"comment_status":"closed","ping_status":"closed","template":"","meta":{"site-sidebar-layout":"default","site-content-layout":"","ast-site-content-layout":"","site-content-style":"default","site-sidebar-style":"default","ast-global-header-display":"","ast-banner-title-visibility":"","ast-main-header-display":"","ast-hfb-above-header-display":"","ast-hfb-below-header-display":"","ast-hfb-mobile-header-display":"","site-post-title":"disabled","ast-breadcrumbs-content":"","ast-featured-img":"","footer-sml-layout":"","ast-disable-related-posts":"","theme-transparent-header-meta":"","adv-header-id-meta":"","stick-header-meta":"","header-above-stick-meta":"","header-main-stick-meta":"","header-below-stick-meta":"","astra-migrate-meta-layouts":"default","ast-page-background-enabled":"default","ast-page-background-meta":{"desktop":{"background-color":"var(--ast-global-color-5)","background-image":"","background-repeat":"repeat","background-position":"center center","background-size":"auto","background-attachment":"scroll","background-type":"","background-media":"","overlay-type":"","overlay-color":"","overlay-opacity":"","overlay-gradient":""},"tablet":{"background-color":"","background-image":"","background-repeat":"repeat","background-position":"center center","background-size":"auto","background-attachment":"scroll","background-type":"","background-media":"","overlay-type":"","overlay-color":"","overlay-opacity":"","overlay-gradient":""},"mobile":{"background-color":"","background-image":"","background-repeat":"repeat","background-position":"center center","background-size":"auto","background-attachment":"scroll","background-type":"","background-media":"","overlay-type":"","overlay-color":"","overlay-opacity":"","overlay-gradient":""}},"ast-content-background-meta":{"desktop":{"background-color":"var(--ast-global-color-4)","background-image":"","background-repeat":"repeat","background-position":"center center","background-size":"auto","background-attachment":"scroll","background-type":"","background-media":"","overlay-type":"","overlay-color":"","overlay-opacity":"","overlay-gradient":""},"tablet":{"background-color":"var(--ast-global-color-4)","background-image":"","background-repeat":"repeat","background-position":"center center","background-size":"auto","background-attachment":"scroll","background-type":"","background-media":"","overlay-type":"","overlay-color":"","overlay-opacity":"","overlay-gradient":""},"mobile":{"background-color":"var(--ast-global-color-4)","background-image":"","background-repeat":"repeat","background-position":"center center","background-size":"auto","background-attachment":"scroll","background-type":"","background-media":"","overlay-type":"","overlay-color":"","overlay-opacity":"","overlay-gradient":""}},"footnotes":""},"class_list":["post-1516","page","type-page","status-publish","hentry"],"_links":{"self":[{"href":"https:\/\/www.gruponkca.com.ve\/index.php?rest_route=\/wp\/v2\/pages\/1516","targetHints":{"allow":["GET"]}}],"collection":[{"href":"https:\/\/www.gruponkca.com.ve\/index.php?rest_route=\/wp\/v2\/pages"}],"about":[{"href":"https:\/\/www.gruponkca.com.ve\/index.php?rest_route=\/wp\/v2\/types\/page"}],"author":[{"embeddable":true,"href":"https:\/\/www.gruponkca.com.ve\/index.php?rest_route=\/wp\/v2\/users\/1"}],"replies":[{"embeddable":true,"href":"https:\/\/www.gruponkca.com.ve\/index.php?rest_route=%2Fwp%2Fv2%2Fcomments&post=1516"}],"version-history":[{"count":11,"href":"https:\/\/www.gruponkca.com.ve\/index.php?rest_route=\/wp\/v2\/pages\/1516\/revisions"}],"predecessor-version":[{"id":1646,"href":"https:\/\/www.gruponkca.com.ve\/index.php?rest_route=\/wp\/v2\/pages\/1516\/revisions\/1646"}],"wp:attachment":[{"href":"https:\/\/www.gruponkca.com.ve\/index.php?rest_route=%2Fwp%2Fv2%2Fmedia&parent=1516"}],"curies":[{"name":"wp","href":"https:\/\/api.w.org\/{rel}","templated":true}]}}